{"id":1127,"date":"2021-02-27T17:09:06","date_gmt":"2021-02-27T16:09:06","guid":{"rendered":"https:\/\/udruga-106br.hr\/?page_id=1127"},"modified":"2025-10-22T18:40:12","modified_gmt":"2025-10-22T16:40:12","slug":"biblioteka","status":"publish","type":"page","link":"https:\/\/udruga-106br.hr\/index.php\/biblioteka\/","title":{"rendered":"Digitalna biblioteka"},"content":{"rendered":"\n<p>Ponosni smo \u0161to smo uvr\u0161teni u <em>Zavi\u010dajnu zbirku Murisiana<\/em> Gradske i sveu\u010dili\u0161ne knji\u017enice Osijek te od sada mo\u017eete knjigu <em>106. brigada Hrvatske vojske<\/em> \u010ditati online ili preuzeti kao dokument.<\/p>\n\n\n\n<figure class=\"wp-block-embed is-type-wp-embed is-provider-gisko wp-block-embed-gisko\"><div class=\"wp-block-embed__wrapper\">\n<blockquote class=\"wp-embedded-content\" data-secret=\"VSSx2MJCMS\"><a href=\"https:\/\/www.gskos.unios.hr\/index.php\/zavicajne-monografije\/\">ZAVI\u010cAJNE MONOGRAFIJE<\/a><\/blockquote><iframe loading=\"lazy\" class=\"wp-embedded-content\" sandbox=\"allow-scripts\" security=\"restricted\" style=\"position: absolute; visibility: hidden;\" title=\"&#8220;ZAVI\u010cAJNE MONOGRAFIJE&#8221; &#8212; GISKO\" src=\"https:\/\/www.gskos.unios.hr\/index.php\/zavicajne-monografije\/embed\/#?secret=HodF6QIKEr#?secret=VSSx2MJCMS\" data-secret=\"VSSx2MJCMS\" width=\"600\" height=\"338\" frameborder=\"0\" marginwidth=\"0\" marginheight=\"0\" scrolling=\"no\"><\/iframe>\n<\/div><\/figure>\n\n\n\n<div data-wp-interactive=\"core\/file\" class=\"wp-block-file\"><object data-wp-bind--hidden=\"!state.hasPdfPreview\" hidden class=\"wp-block-file__embed\" data=\"https:\/\/udruga-106br.hr\/wp-content\/uploads\/2022\/09\/106_brigada_hv.pdf\" type=\"application\/pdf\" style=\"width:100%;height:600px\" aria-label=\"Ugra\u0111eno 106_brigada_hv.\"><\/object><a id=\"wp-block-file--media-1d0e0446-3313-4f80-add8-c91626cce697\" href=\"https:\/\/udruga-106br.hr\/wp-content\/uploads\/2022\/09\/106_brigada_hv.pdf\">106_brigada_hv<\/a><a href=\"https:\/\/udruga-106br.hr\/wp-content\/uploads\/2022\/09\/106_brigada_hv.pdf\" class=\"wp-block-file__button wp-element-button\" download aria-describedby=\"wp-block-file--media-1d0e0446-3313-4f80-add8-c91626cce697\">Preuzmi<\/a><\/div>\n\n\n\n<p><\/p>\n<!-- AddThis Advanced Settings generic via filter on the_content --><!-- AddThis Share Buttons generic via filter on the_content -->","protected":false},"excerpt":{"rendered":"<p>Ponosni smo \u0161to smo uvr\u0161teni u Zavi\u010dajnu zbirku Murisiana Gradske i sveu\u010dili\u0161ne knji\u017enice Osijek te od sada mo\u017eete knjigu 106. brigada Hrvatske vojske \u010ditati online ili preuzeti kao dokument.<!-- AddThis Advanced Settings generic via filter on get_the_excerpt --><!-- AddThis Share Buttons generic via filter on get_the_excerpt --><\/p>\n","protected":false},"author":2,"featured_media":0,"parent":0,"menu_order":0,"comment_status":"closed","ping_status":"closed","template":"","meta":{"footnotes":""},"class_list":["post-1127","page","type-page","status-publish","hentry"],"_links":{"self":[{"href":"https:\/\/udruga-106br.hr\/index.php\/wp-json\/wp\/v2\/pages\/1127","targetHints":{"allow":["GET"]}}],"collection":[{"href":"https:\/\/udruga-106br.hr\/index.php\/wp-json\/wp\/v2\/pages"}],"about":[{"href":"https:\/\/udruga-106br.hr\/index.php\/wp-json\/wp\/v2\/types\/page"}],"author":[{"embeddable":true,"href":"https:\/\/udruga-106br.hr\/index.php\/wp-json\/wp\/v2\/users\/2"}],"replies":[{"embeddable":true,"href":"https:\/\/udruga-106br.hr\/index.php\/wp-json\/wp\/v2\/comments?post=1127"}],"version-history":[{"count":10,"href":"https:\/\/udruga-106br.hr\/index.php\/wp-json\/wp\/v2\/pages\/1127\/revisions"}],"predecessor-version":[{"id":6249,"href":"https:\/\/udruga-106br.hr\/index.php\/wp-json\/wp\/v2\/pages\/1127\/revisions\/6249"}],"wp:attachment":[{"href":"https:\/\/udruga-106br.hr\/index.php\/wp-json\/wp\/v2\/media?parent=1127"}],"curies":[{"name":"wp","href":"https:\/\/api.w.org\/{rel}","templated":true}]}}