{"id":4647,"date":"2025-02-18T18:12:39","date_gmt":"2025-02-18T17:12:39","guid":{"rendered":"https:\/\/udruga-106br.hr\/?page_id=4647"},"modified":"2025-02-18T18:41:44","modified_gmt":"2025-02-18T17:41:44","slug":"projekti-2","status":"publish","type":"page","link":"https:\/\/udruga-106br.hr\/index.php\/projekti-2\/","title":{"rendered":"Projekti"},"content":{"rendered":"\n<p>Udruga veterana 106. brigade kroz svoje projekte i inicijative aktivno njeguje sje\u0107anje na ratni put brigade i domoljublje te doprinosi zajednici s posebnim naglaskom na edukaciju mladih. Na\u0161 cilj je \u010duvati vrijednosti za koje smo se borili, ja\u010dati zajedni\u0161tvo me\u0111u veteranima i prenijeti istinu o Domovinskom ratu budu\u0107im generacijama.<\/p>\n\n\n\n<p>Na\u0161i projekti obuhva\u0107aju:<\/p>\n\n\n\n<ul class=\"wp-block-list\">\n<li><strong>O\u010duvanje povijesti i domoljublja<\/strong><\/li>\n\n\n\n<li><strong>Edukaciju mladih<\/strong> \u2013 predavanja<\/li>\n\n\n\n<li><strong>Humanitarne aktivnosti<\/strong><\/li>\n\n\n\n<li><strong>Dru\u0161tvena okupljanja<\/strong> <\/li>\n\n\n\n<li><strong>Suradnju s institucijama i udrugama<\/strong> <\/li>\n<\/ul>\n\n\n\n<p><\/p>\n<!-- AddThis Advanced Settings generic via filter on the_content --><!-- AddThis Share Buttons generic via filter on the_content -->","protected":false},"excerpt":{"rendered":"<p>Udruga veterana 106. brigade kroz svoje projekte i inicijative aktivno njeguje sje\u0107anje na ratni put brigade i domoljublje te doprinosi zajednici s posebnim naglaskom na edukaciju mladih. Na\u0161 cilj je \u010duvati vrijednosti za koje smo se borili, ja\u010dati zajedni\u0161tvo me\u0111u veteranima i prenijeti istinu o Domovinskom ratu budu\u0107im generacijama. Na\u0161i projekti obuhva\u0107aju:<!-- AddThis Advanced Settings generic via filter on get_the_excerpt --><!-- AddThis Share Buttons generic via filter on get_the_excerpt --><\/p>\n","protected":false},"author":2,"featured_media":0,"parent":0,"menu_order":0,"comment_status":"closed","ping_status":"closed","template":"","meta":{"footnotes":""},"class_list":["post-4647","page","type-page","status-publish","hentry"],"_links":{"self":[{"href":"https:\/\/udruga-106br.hr\/index.php\/wp-json\/wp\/v2\/pages\/4647","targetHints":{"allow":["GET"]}}],"collection":[{"href":"https:\/\/udruga-106br.hr\/index.php\/wp-json\/wp\/v2\/pages"}],"about":[{"href":"https:\/\/udruga-106br.hr\/index.php\/wp-json\/wp\/v2\/types\/page"}],"author":[{"embeddable":true,"href":"https:\/\/udruga-106br.hr\/index.php\/wp-json\/wp\/v2\/users\/2"}],"replies":[{"embeddable":true,"href":"https:\/\/udruga-106br.hr\/index.php\/wp-json\/wp\/v2\/comments?post=4647"}],"version-history":[{"count":2,"href":"https:\/\/udruga-106br.hr\/index.php\/wp-json\/wp\/v2\/pages\/4647\/revisions"}],"predecessor-version":[{"id":4668,"href":"https:\/\/udruga-106br.hr\/index.php\/wp-json\/wp\/v2\/pages\/4647\/revisions\/4668"}],"wp:attachment":[{"href":"https:\/\/udruga-106br.hr\/index.php\/wp-json\/wp\/v2\/media?parent=4647"}],"curies":[{"name":"wp","href":"https:\/\/api.w.org\/{rel}","templated":true}]}}