{"id":4712,"date":"2025-02-25T13:13:47","date_gmt":"2025-02-25T12:13:47","guid":{"rendered":"https:\/\/udruga-106br.hr\/?page_id=4712"},"modified":"2025-03-13T11:34:29","modified_gmt":"2025-03-13T10:34:29","slug":"godisnji-plan-rada","status":"publish","type":"page","link":"https:\/\/udruga-106br.hr\/index.php\/godisnji-plan-rada\/","title":{"rendered":"Godi\u0161nji i financijski plan rada &#8211; izvje\u0161\u0107a"},"content":{"rendered":"\n<h2 class=\"wp-block-heading\">2025. godina<\/h2>\n\n\n\n<div data-wp-interactive=\"core\/file\" class=\"wp-block-file\"><object data-wp-bind--hidden=\"!state.hasPdfPreview\" hidden class=\"wp-block-file__embed\" data=\"https:\/\/udruga-106br.hr\/wp-content\/uploads\/2025\/02\/Godisnji_plan_rada_2025.pdf\" type=\"application\/pdf\" style=\"width:100%;height:200px\" aria-label=\"Ugra\u0111eno Godisnji_plan_rada_2025.\"><\/object><a id=\"wp-block-file--media-ce161015-5989-4bb8-994b-3a5bb4334cdf\" href=\"https:\/\/udruga-106br.hr\/wp-content\/uploads\/2025\/02\/Godisnji_plan_rada_2025.pdf\">Godisnji_plan_rada_2025<\/a><a href=\"https:\/\/udruga-106br.hr\/wp-content\/uploads\/2025\/02\/Godisnji_plan_rada_2025.pdf\" class=\"wp-block-file__button wp-element-button\" download aria-describedby=\"wp-block-file--media-ce161015-5989-4bb8-994b-3a5bb4334cdf\">Preuzmi<\/a><\/div>\n\n\n\n<div data-wp-interactive=\"core\/file\" class=\"wp-block-file\"><object data-wp-bind--hidden=\"!state.hasPdfPreview\" hidden class=\"wp-block-file__embed\" data=\"https:\/\/udruga-106br.hr\/wp-content\/uploads\/2025\/03\/RadUdruge_2024.pdf\" type=\"application\/pdf\" style=\"width:100%;height:200px\" aria-label=\"Ugra\u0111eno RadUdruge_2024.\"><\/object><a id=\"wp-block-file--media-ef97ddfc-798f-4bf6-a815-0c113742217d\" href=\"https:\/\/udruga-106br.hr\/wp-content\/uploads\/2025\/03\/RadUdruge_2024.pdf\">RadUdruge_2024<\/a><a href=\"https:\/\/udruga-106br.hr\/wp-content\/uploads\/2025\/03\/RadUdruge_2024.pdf\" class=\"wp-block-file__button wp-element-button\" download aria-describedby=\"wp-block-file--media-ef97ddfc-798f-4bf6-a815-0c113742217d\">Preuzmi<\/a><\/div>\n\n\n\n<div data-wp-interactive=\"core\/file\" class=\"wp-block-file\"><object data-wp-bind--hidden=\"!state.hasPdfPreview\" hidden class=\"wp-block-file__embed\" data=\"https:\/\/udruga-106br.hr\/wp-content\/uploads\/2025\/03\/G-PR-IZ-NPF.pdf\" type=\"application\/pdf\" style=\"width:100%;height:200px\" aria-label=\"Ugra\u0111eno G-PR-IZ-NPF.\"><\/object><a id=\"wp-block-file--media-c6cbfacc-d56a-4a97-9334-5e0e14ea28a3\" href=\"https:\/\/udruga-106br.hr\/wp-content\/uploads\/2025\/03\/G-PR-IZ-NPF.pdf\">G-PR-IZ-NPF<\/a><a href=\"https:\/\/udruga-106br.hr\/wp-content\/uploads\/2025\/03\/G-PR-IZ-NPF.pdf\" class=\"wp-block-file__button wp-element-button\" download aria-describedby=\"wp-block-file--media-c6cbfacc-d56a-4a97-9334-5e0e14ea28a3\">Preuzmi<\/a><\/div>\n\n\n\n<p><\/p>\n<!-- AddThis Advanced Settings generic via filter on the_content --><!-- AddThis Share Buttons generic via filter on the_content -->","protected":false},"excerpt":{"rendered":"<p>2025. godina<!-- AddThis Advanced Settings generic via filter on get_the_excerpt --><!-- AddThis Share Buttons generic via filter on get_the_excerpt --><\/p>\n","protected":false},"author":2,"featured_media":0,"parent":0,"menu_order":0,"comment_status":"closed","ping_status":"closed","template":"","meta":{"footnotes":""},"class_list":["post-4712","page","type-page","status-publish","hentry"],"_links":{"self":[{"href":"https:\/\/udruga-106br.hr\/index.php\/wp-json\/wp\/v2\/pages\/4712","targetHints":{"allow":["GET"]}}],"collection":[{"href":"https:\/\/udruga-106br.hr\/index.php\/wp-json\/wp\/v2\/pages"}],"about":[{"href":"https:\/\/udruga-106br.hr\/index.php\/wp-json\/wp\/v2\/types\/page"}],"author":[{"embeddable":true,"href":"https:\/\/udruga-106br.hr\/index.php\/wp-json\/wp\/v2\/users\/2"}],"replies":[{"embeddable":true,"href":"https:\/\/udruga-106br.hr\/index.php\/wp-json\/wp\/v2\/comments?post=4712"}],"version-history":[{"count":5,"href":"https:\/\/udruga-106br.hr\/index.php\/wp-json\/wp\/v2\/pages\/4712\/revisions"}],"predecessor-version":[{"id":4781,"href":"https:\/\/udruga-106br.hr\/index.php\/wp-json\/wp\/v2\/pages\/4712\/revisions\/4781"}],"wp:attachment":[{"href":"https:\/\/udruga-106br.hr\/index.php\/wp-json\/wp\/v2\/media?parent=4712"}],"curies":[{"name":"wp","href":"https:\/\/api.w.org\/{rel}","templated":true}]}}