{"id":537,"date":"2017-06-17T18:14:41","date_gmt":"2017-06-17T16:14:41","guid":{"rendered":"https:\/\/udruga-106br.hr\/?page_id=537"},"modified":"2025-02-28T13:23:54","modified_gmt":"2025-02-28T12:23:54","slug":"projekti","status":"publish","type":"page","link":"https:\/\/udruga-106br.hr\/index.php\/projekti\/","title":{"rendered":"U sje\u0107anje na Bekija -Avenija 106. brigade"},"content":{"rendered":"<div style=\"width: 660px;\" class=\"wp-video\"><!--[if lt IE 9]><script>document.createElement('video');<\/script><![endif]-->\n<video class=\"wp-video-shortcode\" id=\"video-537-1\" width=\"660\" height=\"371\" preload=\"metadata\" controls=\"controls\"><source type=\"video\/mp4\" src=\"https:\/\/udruga-106br.hr\/wp-content\/uploads\/2017\/06\/Avenija_1061.mp4?_=1\" \/><a href=\"https:\/\/udruga-106br.hr\/wp-content\/uploads\/2017\/06\/Avenija_1061.mp4\">https:\/\/udruga-106br.hr\/wp-content\/uploads\/2017\/06\/Avenija_1061.mp4<\/a><\/video><\/div>\n<p style=\"text-align: center;\">Dana 10. travnja 2017., Projekt &#8220;Avenija 106. br ZNG RH&#8221; predstavljen je Odboru za branitelje grada Osijeka.<\/p>\n<p><img loading=\"lazy\" decoding=\"async\" class=\"size-medium wp-image-563 aligncenter\" src=\"https:\/\/udruga-106br.hr\/wp-content\/uploads\/2017\/06\/Odbor_Avenija106-300x225.jpg\" alt=\"\" width=\"300\" height=\"225\" srcset=\"https:\/\/udruga-106br.hr\/wp-content\/uploads\/2017\/06\/Odbor_Avenija106-300x225.jpg 300w, https:\/\/udruga-106br.hr\/wp-content\/uploads\/2017\/06\/Odbor_Avenija106.jpg 480w\" sizes=\"auto, (max-width: 300px) 100vw, 300px\" \/><\/p>\n<p>Pisanu podr\u0161ku inicijativi o preimenovanju Ju\u017ene obilaznice u ,,Avenija 106. brigade ZNG\u201c dao je i gradona\u010delnik <strong><a href=\"http:\/\/www.osijek.hr\/\">Grada Osijeka<\/a><\/strong>, gospodin Ivan Vrki\u0107, dipl. iur.<\/p>\n<p style=\"text-align: center;\"><a href=\"https:\/\/udruga-106br.hr\/wp-content\/uploads\/2017\/06\/pismo.pdf\"><strong>Pisana podr\u0161ka gradona\u010delnika Grada Osijek &#8211; dopis<\/strong><\/a><\/p>\n\n\n<p><strong>29. studenog 2019. godine, Ju\u017ena obilaznica postala je spomen na 106. brigadu ZNG RH<\/strong><\/p>\n\n\n<div class=\"wp-block-image\">\n<figure class=\"aligncenter\"><img loading=\"lazy\" decoding=\"async\" width=\"599\" height=\"849\" src=\"https:\/\/udruga-106br.hr\/wp-content\/uploads\/2019\/12\/Udruga_106br-1.jpg\" alt=\"\" class=\"wp-image-966\" srcset=\"https:\/\/udruga-106br.hr\/wp-content\/uploads\/2019\/12\/Udruga_106br-1.jpg 599w, https:\/\/udruga-106br.hr\/wp-content\/uploads\/2019\/12\/Udruga_106br-1-212x300.jpg 212w\" sizes=\"auto, (max-width: 599px) 100vw, 599px\" \/><\/figure><\/div>\n\n\n<p>U \u010dast trajnog sje\u0107anja na 174 poginula branitelja 106. brigade ZNG RH, prije tri godine pokrenuli smo inicijativu da se ju\u017ena osje\u010dka obilaznica preimenuje u <strong>&#8220;Aveniju 106. brigade ZNG RH&#8221;.<\/strong><\/p>\n\n\n\n<p>Prijedlog se krajem studenoga 2019. godine na\u0161ao i pred vije\u0107nicima Gradskog vije\u0107a koji su ga usvojili tek uz iznimku da se predlo\u017eeni naziv avenija izmjeni u obilaznica. Obilaznica prolazi cijelom du\u017einom grada, 23 kilometra i pravo je mjesto za podsje\u0107anje i trajno promicanje istine o vrijednostima Domovinskog rata kao povijesne \u010dinjenice.<\/p>\n\n\n\n<p><strong>DA SE NE ZABORAVI<\/strong><\/p>\n<!-- AddThis Advanced Settings generic via filter on the_content --><!-- AddThis Share Buttons generic via filter on the_content -->","protected":false},"excerpt":{"rendered":"<p>Dana 10. travnja 2017., Projekt &#8220;Avenija 106. br ZNG RH&#8221; predstavljen je Odboru za branitelje grada Osijeka. Pisanu podr\u0161ku inicijativi o preimenovanju Ju\u017ene obilaznice u ,,Avenija 106. brigade ZNG\u201c dao je i gradona\u010delnik Grada Osijeka, gospodin Ivan Vrki\u0107, dipl. iur. Pisana podr\u0161ka gradona\u010delnika Grada Osijek &#8211; dopis 29. studenog 2019. godine, Ju\u017ena obilaznica postala je &hellip; <a href=\"https:\/\/udruga-106br.hr\/index.php\/projekti\/\" class=\"more-link\">Nastavi \u010ditati <span class=\"screen-reader-text\">U sje\u0107anje na Bekija -Avenija 106. brigade<\/span><\/a><!-- AddThis Advanced Settings generic via filter on get_the_excerpt --><!-- AddThis Share Buttons generic via filter on get_the_excerpt --><\/p>\n","protected":false},"author":2,"featured_media":0,"parent":0,"menu_order":0,"comment_status":"closed","ping_status":"closed","template":"","meta":{"footnotes":""},"class_list":["post-537","page","type-page","status-publish","hentry"],"_links":{"self":[{"href":"https:\/\/udruga-106br.hr\/index.php\/wp-json\/wp\/v2\/pages\/537","targetHints":{"allow":["GET"]}}],"collection":[{"href":"https:\/\/udruga-106br.hr\/index.php\/wp-json\/wp\/v2\/pages"}],"about":[{"href":"https:\/\/udruga-106br.hr\/index.php\/wp-json\/wp\/v2\/types\/page"}],"author":[{"embeddable":true,"href":"https:\/\/udruga-106br.hr\/index.php\/wp-json\/wp\/v2\/users\/2"}],"replies":[{"embeddable":true,"href":"https:\/\/udruga-106br.hr\/index.php\/wp-json\/wp\/v2\/comments?post=537"}],"version-history":[{"count":27,"href":"https:\/\/udruga-106br.hr\/index.php\/wp-json\/wp\/v2\/pages\/537\/revisions"}],"predecessor-version":[{"id":4730,"href":"https:\/\/udruga-106br.hr\/index.php\/wp-json\/wp\/v2\/pages\/537\/revisions\/4730"}],"wp:attachment":[{"href":"https:\/\/udruga-106br.hr\/index.php\/wp-json\/wp\/v2\/media?parent=537"}],"curies":[{"name":"wp","href":"https:\/\/api.w.org\/{rel}","templated":true}]}}