{"id":8,"date":"2017-05-10T12:53:58","date_gmt":"2017-05-10T10:53:58","guid":{"rendered":"http:\/\/localhost\/web_106_brigada\/?page_id=8"},"modified":"2026-01-20T12:38:15","modified_gmt":"2026-01-20T11:38:15","slug":"kontakt","status":"publish","type":"page","link":"https:\/\/udruga-106br.hr\/","title":{"rendered":"Kontakt"},"content":{"rendered":"<p style=\"text-align: center;\"><strong><img loading=\"lazy\" decoding=\"async\" class=\"wp-image-4490  alignleft\" src=\"https:\/\/udruga-106br.hr\/wp-content\/uploads\/2025\/02\/Logo_106_novi-150x150.png\" alt=\"\" width=\"169\" height=\"169\" \/><\/strong><\/p>\n<p><strong>Udruga veterana 106. brigade Osijek<\/strong><\/p>\n<p><strong>OIB: 29644874227<\/strong><\/p>\n<p><strong>mobitel: +385 99 535 7001<\/strong><\/p>\n<p style=\"text-align: left;\"><strong>Predsjednik:<\/strong><br \/>\nzada\u0107e predsjednika Udruge do izbora novog predsjednika preuzima \u017deljko Ko\u017eul<\/p>\n<p style=\"margin: 0cm; margin-bottom: .0001pt;\"><strong>Dopredsjednici:<\/strong><\/p>\n<p style=\"margin: 0cm; margin-bottom: .0001pt;\"><strong>\u017deljko Ko\u017eul<\/strong><\/p>\n<p><strong>Miroslav Julari\u0107<\/strong><\/p>\n<p style=\"margin: 0cm; margin-bottom: .0001pt;\"><strong>Tajni\u0161tvo:<\/strong><\/p>\n<p style=\"margin: 0cm; margin-bottom: .0001pt;\"><strong>Anja Pata\u010di\u0107, mag. oec.<\/strong><\/p>\n<p><strong>Zdenko Mr\u010dela, mag.ing.logist.<\/strong><\/p>\n<p><strong>e-mail: <\/strong><a href=\"mailto:106br.zng@gmail.com\">106br.zng@gmail.com\u00a0<\/a><br \/>\n<strong>Viber, WhatsApp:<\/strong> +385 99 535 7001<br \/>\n<strong>Instagram:<\/strong> https:\/\/www.instagram.com\/udruga_veterana_106.br_osijek\/<\/p>\n<p style=\"margin: 0cm; margin-bottom: .0001pt;\"><strong>Adresa:<\/strong><br \/>\nKralja Petra Sva\u010di\u0107a 36<br \/>\n31 000 Osijek<\/p>\n<p><em>(prvi kat)<\/em><\/p>\n<!-- AddThis Advanced Settings generic via filter on the_content --><!-- AddThis Share Buttons generic via filter on the_content -->","protected":false},"excerpt":{"rendered":"<p>Udruga veterana 106. brigade Osijek OIB: 29644874227 mobitel: +385 99 535 7001 Predsjednik: zada\u0107e predsjednika Udruge do izbora novog predsjednika preuzima \u017deljko Ko\u017eul Dopredsjednici: \u017deljko Ko\u017eul Miroslav Julari\u0107 Tajni\u0161tvo: Anja Pata\u010di\u0107, mag. oec. Zdenko Mr\u010dela, mag.ing.logist. e-mail: 106br.zng@gmail.com\u00a0 Viber, WhatsApp: +385 99 535 7001 Instagram: https:\/\/www.instagram.com\/udruga_veterana_106.br_osijek\/ Adresa: Kralja Petra Sva\u010di\u0107a 36 31 000 Osijek (prvi &hellip; <a href=\"https:\/\/udruga-106br.hr\/\" class=\"more-link\">Nastavi \u010ditati <span class=\"screen-reader-text\">Kontakt<\/span><\/a><!-- AddThis Advanced Settings generic via filter on get_the_excerpt --><!-- AddThis Share Buttons generic via filter on get_the_excerpt --><\/p>\n","protected":false},"author":1,"featured_media":0,"parent":0,"menu_order":0,"comment_status":"closed","ping_status":"closed","template":"","meta":{"footnotes":""},"class_list":["post-8","page","type-page","status-publish","hentry"],"_links":{"self":[{"href":"https:\/\/udruga-106br.hr\/index.php\/wp-json\/wp\/v2\/pages\/8","targetHints":{"allow":["GET"]}}],"collection":[{"href":"https:\/\/udruga-106br.hr\/index.php\/wp-json\/wp\/v2\/pages"}],"about":[{"href":"https:\/\/udruga-106br.hr\/index.php\/wp-json\/wp\/v2\/types\/page"}],"author":[{"embeddable":true,"href":"https:\/\/udruga-106br.hr\/index.php\/wp-json\/wp\/v2\/users\/1"}],"replies":[{"embeddable":true,"href":"https:\/\/udruga-106br.hr\/index.php\/wp-json\/wp\/v2\/comments?post=8"}],"version-history":[{"count":70,"href":"https:\/\/udruga-106br.hr\/index.php\/wp-json\/wp\/v2\/pages\/8\/revisions"}],"predecessor-version":[{"id":6969,"href":"https:\/\/udruga-106br.hr\/index.php\/wp-json\/wp\/v2\/pages\/8\/revisions\/6969"}],"wp:attachment":[{"href":"https:\/\/udruga-106br.hr\/index.php\/wp-json\/wp\/v2\/media?parent=8"}],"curies":[{"name":"wp","href":"https:\/\/api.w.org\/{rel}","templated":true}]}}