{"id":816,"date":"2019-02-25T21:56:20","date_gmt":"2019-02-25T20:56:20","guid":{"rendered":"https:\/\/udruga-106br.hr\/?page_id=816"},"modified":"2025-02-18T19:51:17","modified_gmt":"2025-02-18T18:51:17","slug":"zelim-biti-clan-udruge-2","status":"publish","type":"page","link":"https:\/\/udruga-106br.hr\/index.php\/zelim-biti-clan-udruge-2\/","title":{"rendered":"\u017delim biti \u010dlan Udruge"},"content":{"rendered":"\n<p>Udruga veterana 106. brigade otvorena je za sve koji dijele na\u0161e vrijednosti domoljublja, zajedni\u0161tva i po\u0161tovanja prema hrvatskim braniteljima. Ako ste sudionik Domovinskog rata, \u010dlan obitelji branitelja ili osoba koja \u017eeli aktivno sudjelovati u o\u010duvanju sje\u0107anja na 106. brigadu i doprinosu zajednici, pozivamo vas da nam se pridru\u017eite.<\/p>\n\n\n\n<p>Kao \u010dlan Udruge mo\u017eete:<\/p>\n\n\n\n<ul class=\"wp-block-list\">\n<li>Sudjelovati u projektima o\u010duvanja povijesti i promicanja istine o Domovinskom ratu.<\/li>\n\n\n\n<li>Biti dio inicijativa koje promi\u010du domoljublje me\u0111u mladima.<\/li>\n\n\n\n<li>Sudjelovati u humanitarnim i dru\u0161tvenim aktivnostima.<\/li>\n\n\n\n<li>Povezati se sa suborcima i \u010dlanovima koji dijele iste vrijednosti.<\/li>\n\n\n\n<li>Sudjelovati u sportskim, kulturnim i edukativnim doga\u0111anjima Udruge.<\/li>\n<\/ul>\n\n\n\n<p>Va\u0161a prisutnost i anga\u017eman doprinijeti \u0107e o\u010duvanju vrijednosti za koje smo se borili i ja\u010danju zajedni\u0161tva me\u0111u veteranima i budu\u0107im generacijama.<\/p>\n\n\n\n<p>Pridru\u017eite nam se i budite dio na\u0161e pri\u010de! <\/p>\n<!-- AddThis Advanced Settings generic via filter on the_content --><!-- AddThis Share Buttons generic via filter on the_content -->","protected":false},"excerpt":{"rendered":"<p>Udruga veterana 106. brigade otvorena je za sve koji dijele na\u0161e vrijednosti domoljublja, zajedni\u0161tva i po\u0161tovanja prema hrvatskim braniteljima. Ako ste sudionik Domovinskog rata, \u010dlan obitelji branitelja ili osoba koja \u017eeli aktivno sudjelovati u o\u010duvanju sje\u0107anja na 106. brigadu i doprinosu zajednici, pozivamo vas da nam se pridru\u017eite. Kao \u010dlan Udruge mo\u017eete: Va\u0161a prisutnost i &hellip; <a href=\"https:\/\/udruga-106br.hr\/index.php\/zelim-biti-clan-udruge-2\/\" class=\"more-link\">Nastavi \u010ditati <span class=\"screen-reader-text\">\u017delim biti \u010dlan Udruge<\/span><\/a><!-- AddThis Advanced Settings generic via filter on get_the_excerpt --><!-- AddThis Share Buttons generic via filter on get_the_excerpt --><\/p>\n","protected":false},"author":2,"featured_media":0,"parent":0,"menu_order":0,"comment_status":"closed","ping_status":"closed","template":"","meta":{"footnotes":""},"class_list":["post-816","page","type-page","status-publish","hentry"],"_links":{"self":[{"href":"https:\/\/udruga-106br.hr\/index.php\/wp-json\/wp\/v2\/pages\/816","targetHints":{"allow":["GET"]}}],"collection":[{"href":"https:\/\/udruga-106br.hr\/index.php\/wp-json\/wp\/v2\/pages"}],"about":[{"href":"https:\/\/udruga-106br.hr\/index.php\/wp-json\/wp\/v2\/types\/page"}],"author":[{"embeddable":true,"href":"https:\/\/udruga-106br.hr\/index.php\/wp-json\/wp\/v2\/users\/2"}],"replies":[{"embeddable":true,"href":"https:\/\/udruga-106br.hr\/index.php\/wp-json\/wp\/v2\/comments?post=816"}],"version-history":[{"count":8,"href":"https:\/\/udruga-106br.hr\/index.php\/wp-json\/wp\/v2\/pages\/816\/revisions"}],"predecessor-version":[{"id":4694,"href":"https:\/\/udruga-106br.hr\/index.php\/wp-json\/wp\/v2\/pages\/816\/revisions\/4694"}],"wp:attachment":[{"href":"https:\/\/udruga-106br.hr\/index.php\/wp-json\/wp\/v2\/media?parent=816"}],"curies":[{"name":"wp","href":"https:\/\/api.w.org\/{rel}","templated":true}]}}